{"id":266,"date":"2016-10-11T14:00:54","date_gmt":"2016-10-11T14:00:54","guid":{"rendered":"http:\/\/centrodellafamiglia.eu\/it\/?page_id=266"},"modified":"2017-02-08T15:12:01","modified_gmt":"2017-02-08T15:12:01","slug":"eventi","status":"publish","type":"page","link":"https:\/\/centrodellafamiglia.eu\/it\/eventi\/","title":{"rendered":"Eventi"},"content":{"rendered":"","protected":false},"excerpt":{"rendered":"","protected":false},"author":2,"featured_media":229,"parent":0,"menu_order":4,"comment_status":"open","ping_status":"closed","template":"","meta":{"footnotes":""},"yoast_head":"<!-- This site is optimized with the Yoast SEO plugin v21.5 - https:\/\/yoast.com\/wordpress\/plugins\/seo\/ -->\n<title>Eventi a Treviso - B&amp;B Centro della Famiglia<\/title>\n<meta name=\"description\" content=\"Treviso \u00e8 una citt\u00e0 viva vicino a Venezia e il calendario cittadino \u00e8 ricco di eventi sportivi culturali ed enogastronomici. Scopri di pi\u00f9\" \/>\n<meta name=\"robots\" content=\"index, follow, max-snippet:-1, max-image-preview:large, max-video-preview:-1\" \/>\n<link rel=\"canonical\" href=\"https:\/\/centrodellafamiglia.eu\/it\/eventi\/\" \/>\n<meta property=\"og:locale\" content=\"it_IT\" \/>\n<meta property=\"og:type\" content=\"article\" \/>\n<meta property=\"og:title\" content=\"Eventi a Treviso - B&amp;B Centro della Famiglia\" \/>\n<meta property=\"og:description\" content=\"Treviso \u00e8 una citt\u00e0 viva vicino a Venezia e il calendario cittadino \u00e8 ricco di eventi sportivi culturali ed enogastronomici. Scopri di pi\u00f9\" \/>\n<meta property=\"og:url\" content=\"https:\/\/centrodellafamiglia.eu\/it\/eventi\/\" \/>\n<meta property=\"og:site_name\" content=\"Camere b&amp;b a Treviso - Centro della Famiglia\" \/>\n<meta property=\"article:modified_time\" content=\"2017-02-08T15:12:01+00:00\" \/>\n<meta property=\"og:image\" content=\"https:\/\/centrodellafamiglia.eu\/wp-content\/uploads\/2015\/02\/centro-della-famiglia-treviso.jpg\" \/>\n\t<meta property=\"og:image:width\" content=\"1920\" \/>\n\t<meta property=\"og:image:height\" content=\"700\" \/>\n\t<meta property=\"og:image:type\" content=\"image\/jpeg\" \/>\n<meta name=\"twitter:card\" content=\"summary_large_image\" \/>\n<script type=\"application\/ld+json\" class=\"yoast-schema-graph\">{\"@context\":\"https:\/\/schema.org\",\"@graph\":[{\"@type\":\"WebPage\",\"@id\":\"https:\/\/centrodellafamiglia.eu\/it\/eventi\/\",\"url\":\"https:\/\/centrodellafamiglia.eu\/it\/eventi\/\",\"name\":\"Eventi a Treviso - B&B Centro della Famiglia\",\"isPartOf\":{\"@id\":\"https:\/\/centrodellafamiglia.eu\/it\/#website\"},\"datePublished\":\"2016-10-11T14:00:54+00:00\",\"dateModified\":\"2017-02-08T15:12:01+00:00\",\"description\":\"Treviso \u00e8 una citt\u00e0 viva vicino a Venezia e il calendario cittadino \u00e8 ricco di eventi sportivi culturali ed enogastronomici. Scopri di pi\u00f9\",\"breadcrumb\":{\"@id\":\"https:\/\/centrodellafamiglia.eu\/it\/eventi\/#breadcrumb\"},\"inLanguage\":\"it-IT\",\"potentialAction\":[{\"@type\":\"ReadAction\",\"target\":[\"https:\/\/centrodellafamiglia.eu\/it\/eventi\/\"]}]},{\"@type\":\"BreadcrumbList\",\"@id\":\"https:\/\/centrodellafamiglia.eu\/it\/eventi\/#breadcrumb\",\"itemListElement\":[{\"@type\":\"ListItem\",\"position\":1,\"name\":\"Home\",\"item\":\"https:\/\/centrodellafamiglia.eu\/it\/\"},{\"@type\":\"ListItem\",\"position\":2,\"name\":\"Eventi\"}]},{\"@type\":\"WebSite\",\"@id\":\"https:\/\/centrodellafamiglia.eu\/it\/#website\",\"url\":\"https:\/\/centrodellafamiglia.eu\/it\/\",\"name\":\"Camere b&amp;b a Treviso - Centro della Famiglia\",\"description\":\"Camere economiche a Treviso\",\"potentialAction\":[{\"@type\":\"SearchAction\",\"target\":{\"@type\":\"EntryPoint\",\"urlTemplate\":\"https:\/\/centrodellafamiglia.eu\/it\/?s={search_term_string}\"},\"query-input\":\"required name=search_term_string\"}],\"inLanguage\":\"it-IT\"}]}<\/script>\n<!-- \/ Yoast SEO plugin. -->","yoast_head_json":{"title":"Eventi a Treviso - B&B Centro della Famiglia","description":"Treviso \u00e8 una citt\u00e0 viva vicino a Venezia e il calendario cittadino \u00e8 ricco di eventi sportivi culturali ed enogastronomici. Scopri di pi\u00f9","robots":{"index":"index","follow":"follow","max-snippet":"max-snippet:-1","max-image-preview":"max-image-preview:large","max-video-preview":"max-video-preview:-1"},"canonical":"https:\/\/centrodellafamiglia.eu\/it\/eventi\/","og_locale":"it_IT","og_type":"article","og_title":"Eventi a Treviso - B&B Centro della Famiglia","og_description":"Treviso \u00e8 una citt\u00e0 viva vicino a Venezia e il calendario cittadino \u00e8 ricco di eventi sportivi culturali ed enogastronomici. Scopri di pi\u00f9","og_url":"https:\/\/centrodellafamiglia.eu\/it\/eventi\/","og_site_name":"Camere b&amp;b a Treviso - Centro della Famiglia","article_modified_time":"2017-02-08T15:12:01+00:00","og_image":[{"width":1920,"height":700,"url":"https:\/\/centrodellafamiglia.eu\/wp-content\/uploads\/2015\/02\/centro-della-famiglia-treviso.jpg","type":"image\/jpeg"}],"twitter_card":"summary_large_image","schema":{"@context":"https:\/\/schema.org","@graph":[{"@type":"WebPage","@id":"https:\/\/centrodellafamiglia.eu\/it\/eventi\/","url":"https:\/\/centrodellafamiglia.eu\/it\/eventi\/","name":"Eventi a Treviso - B&B Centro della Famiglia","isPartOf":{"@id":"https:\/\/centrodellafamiglia.eu\/it\/#website"},"datePublished":"2016-10-11T14:00:54+00:00","dateModified":"2017-02-08T15:12:01+00:00","description":"Treviso \u00e8 una citt\u00e0 viva vicino a Venezia e il calendario cittadino \u00e8 ricco di eventi sportivi culturali ed enogastronomici. Scopri di pi\u00f9","breadcrumb":{"@id":"https:\/\/centrodellafamiglia.eu\/it\/eventi\/#breadcrumb"},"inLanguage":"it-IT","potentialAction":[{"@type":"ReadAction","target":["https:\/\/centrodellafamiglia.eu\/it\/eventi\/"]}]},{"@type":"BreadcrumbList","@id":"https:\/\/centrodellafamiglia.eu\/it\/eventi\/#breadcrumb","itemListElement":[{"@type":"ListItem","position":1,"name":"Home","item":"https:\/\/centrodellafamiglia.eu\/it\/"},{"@type":"ListItem","position":2,"name":"Eventi"}]},{"@type":"WebSite","@id":"https:\/\/centrodellafamiglia.eu\/it\/#website","url":"https:\/\/centrodellafamiglia.eu\/it\/","name":"Camere b&amp;b a Treviso - Centro della Famiglia","description":"Camere economiche a Treviso","potentialAction":[{"@type":"SearchAction","target":{"@type":"EntryPoint","urlTemplate":"https:\/\/centrodellafamiglia.eu\/it\/?s={search_term_string}"},"query-input":"required name=search_term_string"}],"inLanguage":"it-IT"}]}},"_links":{"self":[{"href":"https:\/\/centrodellafamiglia.eu\/it\/wp-json\/wp\/v2\/pages\/266"}],"collection":[{"href":"https:\/\/centrodellafamiglia.eu\/it\/wp-json\/wp\/v2\/pages"}],"about":[{"href":"https:\/\/centrodellafamiglia.eu\/it\/wp-json\/wp\/v2\/types\/page"}],"author":[{"embeddable":true,"href":"https:\/\/centrodellafamiglia.eu\/it\/wp-json\/wp\/v2\/users\/2"}],"replies":[{"embeddable":true,"href":"https:\/\/centrodellafamiglia.eu\/it\/wp-json\/wp\/v2\/comments?post=266"}],"version-history":[{"count":1,"href":"https:\/\/centrodellafamiglia.eu\/it\/wp-json\/wp\/v2\/pages\/266\/revisions"}],"predecessor-version":[{"id":267,"href":"https:\/\/centrodellafamiglia.eu\/it\/wp-json\/wp\/v2\/pages\/266\/revisions\/267"}],"wp:featuredmedia":[{"embeddable":true,"href":"https:\/\/centrodellafamiglia.eu\/it\/wp-json\/wp\/v2\/media\/229"}],"wp:attachment":[{"href":"https:\/\/centrodellafamiglia.eu\/it\/wp-json\/wp\/v2\/media?parent=266"}],"curies":[{"name":"wp","href":"https:\/\/api.w.org\/{rel}","templated":true}]}}